{"id":21,"date":"2011-03-16T13:57:20","date_gmt":"2011-03-16T12:57:20","guid":{"rendered":"http:\/\/www.brfbellevue.se\/?page_id=21"},"modified":"2018-05-13T23:03:40","modified_gmt":"2018-05-13T21:03:40","slug":"blanketter","status":"publish","type":"page","link":"http:\/\/www.brfbellevue.se\/?page_id=21","title":{"rendered":"Blanketter"},"content":{"rendered":"<p><a href=\"http:\/\/www.brfbellevue.se\/wp-content\/uploads\/2018\/05\/ansokan_om_uthyrning_i_andra_hand.pdf\">Ans\u00f6kan om uthyrning i andrahand<\/a><\/p>\n<p><a href=\"http:\/\/www.brfbellevue.se\/wp-content\/uploads\/2018\/05\/ansokan_om_medlemskap.pdf\">Ans\u00f6kan om medlemskap<\/a><\/p>\n<p><a href=\"http:\/\/www.brfbellevue.se\/wp-content\/uploads\/2018\/05\/ansokan_om_uttrade.pdf\">Ans\u00f6kan om uttr\u00e4de<\/a><\/p>\n<p><a href=\"http:\/\/www.brfbellevue.se\/wp-content\/uploads\/2015\/05\/Nyckelrekvisition.pdf\">Brf Bellevue &#8211; Nyckelrekvisition<\/a> (<em>Fyll i och skriv ut blanketten f\u00f6r signering av styrelseledamot<\/em>.)<\/p>\n","protected":false},"excerpt":{"rendered":"<p>Ans\u00f6kan om uthyrning i andrahand Ans\u00f6kan om medlemskap Ans\u00f6kan om uttr\u00e4de Brf Bellevue &#8211; Nyckelrekvisition (Fyll i och skriv ut blanketten f\u00f6r signering av styrelseledamot.)<\/p>\n","protected":false},"author":1,"featured_media":0,"parent":0,"menu_order":3,"comment_status":"closed","ping_status":"closed","template":"","meta":{"footnotes":""},"_links":{"self":[{"href":"http:\/\/www.brfbellevue.se\/index.php?rest_route=\/wp\/v2\/pages\/21"}],"collection":[{"href":"http:\/\/www.brfbellevue.se\/index.php?rest_route=\/wp\/v2\/pages"}],"about":[{"href":"http:\/\/www.brfbellevue.se\/index.php?rest_route=\/wp\/v2\/types\/page"}],"author":[{"embeddable":true,"href":"http:\/\/www.brfbellevue.se\/index.php?rest_route=\/wp\/v2\/users\/1"}],"replies":[{"embeddable":true,"href":"http:\/\/www.brfbellevue.se\/index.php?rest_route=%2Fwp%2Fv2%2Fcomments&post=21"}],"version-history":[{"count":13,"href":"http:\/\/www.brfbellevue.se\/index.php?rest_route=\/wp\/v2\/pages\/21\/revisions"}],"predecessor-version":[{"id":291609,"href":"http:\/\/www.brfbellevue.se\/index.php?rest_route=\/wp\/v2\/pages\/21\/revisions\/291609"}],"wp:attachment":[{"href":"http:\/\/www.brfbellevue.se\/index.php?rest_route=%2Fwp%2Fv2%2Fmedia&parent=21"}],"curies":[{"name":"wp","href":"https:\/\/api.w.org\/{rel}","templated":true}]}}