{"id":259,"date":"2011-04-04T12:19:27","date_gmt":"2011-04-04T10:19:27","guid":{"rendered":"http:\/\/www.brfbellevue.se\/?page_id=259"},"modified":"2012-12-05T13:55:41","modified_gmt":"2012-12-05T12:55:41","slug":"uppgifter","status":"publish","type":"page","link":"http:\/\/www.brfbellevue.se\/?page_id=259","title":{"rendered":"Uppgifter"},"content":{"rendered":"<h3><a href=\"http:\/\/www.brfbellevue.se\/support\/scp\/\" target=\"_blank\">\u00c4rendehantering<\/a><\/h3>\n<h2>Hemsidan<\/h2>\n<ul>\n<li>F\u00f6rslagsl\u00e5da<\/li>\n<li>Skapa\/hitta plugin f\u00f6r uppgifter!<\/li>\n<li>Skapa sida f\u00f6r <del>vett och etikett<\/del>, grannsamverkan osv<\/li>\n<li>Skapa sida f\u00f6r information om underh\u00e5ll, renovering och ombyggnad av l\u00e4genheter (<a href=\"http:\/\/www.froet2.se\/?rID=1073\">se ex<\/a>)<\/li>\n<li>Information om l\u00e4genhetsnummer (mappning gamla-nya)?<\/li>\n<li>Cafesida<\/li>\n<\/ul>\n<h2>F\u00f6reningslokalen<\/h2>\n<ul>\n<li><del>K\u00f6p in och montera nyckelsk\u00e5p<\/del> (Johannes)<\/li>\n<li><del>K\u00f6p in ett par stolar till?<\/del><\/li>\n<\/ul>\n<h2>Renovering Lars Kaggsgatan<\/h2>\n<ul>\n<li>&#8230;<\/li>\n<\/ul>\n<h2>Sophantering<\/h2>\n<ul>\n<li><del>Montera l\u00e5s p\u00e5 sopk\u00e4rlen<\/del><\/li>\n<\/ul>\n<h2>Ekonomi\/F\u00f6rvaltning<\/h2>\n<ul>\n<li>Gr\u00e4v vidare i energif\u00f6rvaltning\/DUCar (Gustaf)<\/li>\n<li>Hyresf\u00f6rhandling m h a Fastighets\u00e4garna<\/li>\n<li><del>F\u00e5 fram f\u00f6rvaltningsavtalet med RB som PDF (Benny)<\/del><\/li>\n<\/ul>\n<h2>\u00d6vrigt<\/h2>\n<ul>\n<li><del>K\u00f6p in skyltar om p-f\u00f6rbud\/f\u00f6rhyrd parkering till Kanongr\u00e4nden<\/del><\/li>\n<li>Ans\u00f6k om medlemskap i Fastighets\u00e4garna<\/li>\n<li><del>F\u00f6rs\u00e4ljning av lgh 321<br \/>\n<\/del><\/li>\n<li>Skapa informationsmaterial f\u00f6r nyinflyttade<\/li>\n<\/ul>\n","protected":false},"excerpt":{"rendered":"<p>\u00c4rendehantering Hemsidan F\u00f6rslagsl\u00e5da Skapa\/hitta plugin f\u00f6r uppgifter! Skapa sida f\u00f6r vett och etikett, grannsamverkan osv Skapa sida f\u00f6r information om underh\u00e5ll, renovering och ombyggnad av l\u00e4genheter (se ex) Information om [&hellip;]<\/p>\n","protected":false},"author":1,"featured_media":0,"parent":38,"menu_order":0,"comment_status":"open","ping_status":"closed","template":"","meta":{"footnotes":""},"_links":{"self":[{"href":"http:\/\/www.brfbellevue.se\/index.php?rest_route=\/wp\/v2\/pages\/259"}],"collection":[{"href":"http:\/\/www.brfbellevue.se\/index.php?rest_route=\/wp\/v2\/pages"}],"about":[{"href":"http:\/\/www.brfbellevue.se\/index.php?rest_route=\/wp\/v2\/types\/page"}],"author":[{"embeddable":true,"href":"http:\/\/www.brfbellevue.se\/index.php?rest_route=\/wp\/v2\/users\/1"}],"replies":[{"embeddable":true,"href":"http:\/\/www.brfbellevue.se\/index.php?rest_route=%2Fwp%2Fv2%2Fcomments&post=259"}],"version-history":[{"count":27,"href":"http:\/\/www.brfbellevue.se\/index.php?rest_route=\/wp\/v2\/pages\/259\/revisions"}],"predecessor-version":[{"id":955,"href":"http:\/\/www.brfbellevue.se\/index.php?rest_route=\/wp\/v2\/pages\/259\/revisions\/955"}],"up":[{"embeddable":true,"href":"http:\/\/www.brfbellevue.se\/index.php?rest_route=\/wp\/v2\/pages\/38"}],"wp:attachment":[{"href":"http:\/\/www.brfbellevue.se\/index.php?rest_route=%2Fwp%2Fv2%2Fmedia&parent=259"}],"curies":[{"name":"wp","href":"https:\/\/api.w.org\/{rel}","templated":true}]}}