{"id":590,"date":"2011-05-18T20:51:39","date_gmt":"2011-05-18T18:51:39","guid":{"rendered":"http:\/\/www.brfbellevue.se\/?page_id=590"},"modified":"2011-05-18T20:51:39","modified_gmt":"2011-05-18T18:51:39","slug":"slutbesiktning","status":"publish","type":"page","link":"http:\/\/www.brfbellevue.se\/?page_id=590","title":{"rendered":"Slutbesiktning"},"content":{"rendered":"<p>F\u00f6reningen g\u00f6r en slutbesiktning och ser om det \u00e4r n\u00e5got som skett i l\u00e4genheten som inte g\u00e5r att r\u00e4knas till normal slitage och inte \u00e4r \u00e5ldersrelaterat. Eventuellt besiktningsprotokoll fr\u00e5n inflyttningen finns hos Riksbyggen.<\/p>\n<p>&nbsp;<\/p>\n","protected":false},"excerpt":{"rendered":"<p>F\u00f6reningen g\u00f6r en slutbesiktning och ser om det \u00e4r n\u00e5got som skett i l\u00e4genheten som inte g\u00e5r att r\u00e4knas till normal slitage och inte \u00e4r \u00e5ldersrelaterat. Eventuellt besiktningsprotokoll fr\u00e5n inflyttningen [&hellip;]<\/p>\n","protected":false},"author":1,"featured_media":0,"parent":582,"menu_order":0,"comment_status":"open","ping_status":"open","template":"page-altleft.php","meta":{"footnotes":""},"_links":{"self":[{"href":"http:\/\/www.brfbellevue.se\/index.php?rest_route=\/wp\/v2\/pages\/590"}],"collection":[{"href":"http:\/\/www.brfbellevue.se\/index.php?rest_route=\/wp\/v2\/pages"}],"about":[{"href":"http:\/\/www.brfbellevue.se\/index.php?rest_route=\/wp\/v2\/types\/page"}],"author":[{"embeddable":true,"href":"http:\/\/www.brfbellevue.se\/index.php?rest_route=\/wp\/v2\/users\/1"}],"replies":[{"embeddable":true,"href":"http:\/\/www.brfbellevue.se\/index.php?rest_route=%2Fwp%2Fv2%2Fcomments&post=590"}],"version-history":[{"count":2,"href":"http:\/\/www.brfbellevue.se\/index.php?rest_route=\/wp\/v2\/pages\/590\/revisions"}],"predecessor-version":[{"id":592,"href":"http:\/\/www.brfbellevue.se\/index.php?rest_route=\/wp\/v2\/pages\/590\/revisions\/592"}],"up":[{"embeddable":true,"href":"http:\/\/www.brfbellevue.se\/index.php?rest_route=\/wp\/v2\/pages\/582"}],"wp:attachment":[{"href":"http:\/\/www.brfbellevue.se\/index.php?rest_route=%2Fwp%2Fv2%2Fmedia&parent=590"}],"curies":[{"name":"wp","href":"https:\/\/api.w.org\/{rel}","templated":true}]}}