{"id":597,"date":"2011-05-18T20:54:23","date_gmt":"2011-05-18T18:54:23","guid":{"rendered":"http:\/\/www.brfbellevue.se\/?page_id=597"},"modified":"2015-04-08T13:22:48","modified_gmt":"2015-04-08T11:22:48","slug":"bostadsratter","status":"publish","type":"page","link":"http:\/\/www.brfbellevue.se\/?page_id=597","title":{"rendered":"Bostadsr\u00e4tter"},"content":{"rendered":"<p>N\u00e4r en bostadsr\u00e4tt s\u00e4ljes av en medlem skall medlemsans\u00f6kan skickas till <a href=\"http:\/\/www.primar.se\">Prim\u00e4r\u00a0<\/a>d\u00e4r det g\u00f6rs en kreditupplysning innan handlingarna skickas till styrelsen f\u00f6r beslut.<\/p>\n<p>Sker det att en m\u00e4klare skickar k\u00f6pekontraktet direkt till styrelsen postar ledamoten underlaget till Prim\u00e4r.<\/p>\n<p>&nbsp;<\/p>\n","protected":false},"excerpt":{"rendered":"<p>N\u00e4r en bostadsr\u00e4tt s\u00e4ljes av en medlem skall medlemsans\u00f6kan skickas till Prim\u00e4r\u00a0d\u00e4r det g\u00f6rs en kreditupplysning innan handlingarna skickas till styrelsen f\u00f6r beslut. Sker det att en m\u00e4klare skickar k\u00f6pekontraktet [&hellip;]<\/p>\n","protected":false},"author":1,"featured_media":0,"parent":600,"menu_order":1,"comment_status":"open","ping_status":"open","template":"page-altleft.php","meta":{"footnotes":""},"_links":{"self":[{"href":"http:\/\/www.brfbellevue.se\/index.php?rest_route=\/wp\/v2\/pages\/597"}],"collection":[{"href":"http:\/\/www.brfbellevue.se\/index.php?rest_route=\/wp\/v2\/pages"}],"about":[{"href":"http:\/\/www.brfbellevue.se\/index.php?rest_route=\/wp\/v2\/types\/page"}],"author":[{"embeddable":true,"href":"http:\/\/www.brfbellevue.se\/index.php?rest_route=\/wp\/v2\/users\/1"}],"replies":[{"embeddable":true,"href":"http:\/\/www.brfbellevue.se\/index.php?rest_route=%2Fwp%2Fv2%2Fcomments&post=597"}],"version-history":[{"count":5,"href":"http:\/\/www.brfbellevue.se\/index.php?rest_route=\/wp\/v2\/pages\/597\/revisions"}],"predecessor-version":[{"id":1264,"href":"http:\/\/www.brfbellevue.se\/index.php?rest_route=\/wp\/v2\/pages\/597\/revisions\/1264"}],"up":[{"embeddable":true,"href":"http:\/\/www.brfbellevue.se\/index.php?rest_route=\/wp\/v2\/pages\/600"}],"wp:attachment":[{"href":"http:\/\/www.brfbellevue.se\/index.php?rest_route=%2Fwp%2Fv2%2Fmedia&parent=597"}],"curies":[{"name":"wp","href":"https:\/\/api.w.org\/{rel}","templated":true}]}}