{"id":606,"date":"2011-05-18T20:59:03","date_gmt":"2011-05-18T18:59:03","guid":{"rendered":"http:\/\/www.brfbellevue.se\/?page_id=606"},"modified":"2018-09-24T20:41:54","modified_gmt":"2018-09-24T18:41:54","slug":"handla","status":"publish","type":"page","link":"http:\/\/www.brfbellevue.se\/?page_id=606","title":{"rendered":"Handla"},"content":{"rendered":"<h2><a name=\"faktura\"><\/a>Faktura<\/h2>\n<p>De g\u00e5nger som det handlar om st\u00f6rre auktoriserade innhandlingar g\u00e5r att att ange f\u00f6reningens fakturaadress vid ink\u00f6pstillf\u00e4llet.<\/p>\n<p><em><strong>Brf Bellevue i G\u00f6teborg<\/strong><\/em><br \/>\n<em>FTG-nr 644<\/em><br \/>\n<em>FE 754<\/em><br \/>\n<em>838 74 FR\u00d6S\u00d6N<\/em><\/p>\n<p>Var noga med att ange referens som g\u00f6r att det \u00e4r l\u00e4tt f\u00f6r fakturagranskarna att kontakta r\u00e4tt person.<\/p>\n","protected":false},"excerpt":{"rendered":"<p>Faktura De g\u00e5nger som det handlar om st\u00f6rre auktoriserade innhandlingar g\u00e5r att att ange f\u00f6reningens fakturaadress vid ink\u00f6pstillf\u00e4llet. Brf Bellevue i G\u00f6teborg FTG-nr 644 FE 754 838 74 FR\u00d6S\u00d6N Var [&hellip;]<\/p>\n","protected":false},"author":1,"featured_media":0,"parent":573,"menu_order":0,"comment_status":"open","ping_status":"open","template":"page-altleft.php","meta":{"footnotes":""},"_links":{"self":[{"href":"http:\/\/www.brfbellevue.se\/index.php?rest_route=\/wp\/v2\/pages\/606"}],"collection":[{"href":"http:\/\/www.brfbellevue.se\/index.php?rest_route=\/wp\/v2\/pages"}],"about":[{"href":"http:\/\/www.brfbellevue.se\/index.php?rest_route=\/wp\/v2\/types\/page"}],"author":[{"embeddable":true,"href":"http:\/\/www.brfbellevue.se\/index.php?rest_route=\/wp\/v2\/users\/1"}],"replies":[{"embeddable":true,"href":"http:\/\/www.brfbellevue.se\/index.php?rest_route=%2Fwp%2Fv2%2Fcomments&post=606"}],"version-history":[{"count":8,"href":"http:\/\/www.brfbellevue.se\/index.php?rest_route=\/wp\/v2\/pages\/606\/revisions"}],"predecessor-version":[{"id":291709,"href":"http:\/\/www.brfbellevue.se\/index.php?rest_route=\/wp\/v2\/pages\/606\/revisions\/291709"}],"up":[{"embeddable":true,"href":"http:\/\/www.brfbellevue.se\/index.php?rest_route=\/wp\/v2\/pages\/573"}],"wp:attachment":[{"href":"http:\/\/www.brfbellevue.se\/index.php?rest_route=%2Fwp%2Fv2%2Fmedia&parent=606"}],"curies":[{"name":"wp","href":"https:\/\/api.w.org\/{rel}","templated":true}]}}