{"id":737,"date":"2011-11-08T15:00:49","date_gmt":"2011-11-08T14:00:49","guid":{"rendered":"http:\/\/www.brfbellevue.se\/?page_id=737"},"modified":"2012-12-20T16:42:42","modified_gmt":"2012-12-20T15:42:42","slug":"rosta","status":"publish","type":"page","link":"http:\/\/www.brfbellevue.se\/?page_id=737","title":{"rendered":"R\u00f6sta"},"content":{"rendered":"<p>Sidan har jag skapat f\u00f6r att l\u00e4ttar kunna se hur m\u00e5nga som \u00e4r f\u00f6r olika beslut som vi tar utanf\u00f6r ett styrelsem\u00f6te via e-post. F\u00f6rhoppningsvis kommer det underl\u00e4tta beslutstagandet utanf\u00f6r de ordinarie m\u00f6ten.<\/p>\n<p>Poll program som jag har provat.<\/p>\n<p><a href=\"http:\/\/wordpress.org\/extend\/plugins\/simply-poll\/\">Simply Poll<\/a>\u00a0&#8211; Nackdel att jag kan r\u00f6sta ifr\u00e5n flera olika maskiner. Spr\u00e5k st\u00f6d saknas.<\/p>\n<p>[poll id=&#8221;5&#8243;]<\/p>\n","protected":false},"excerpt":{"rendered":"<p>Sidan har jag skapat f\u00f6r att l\u00e4ttar kunna se hur m\u00e5nga som \u00e4r f\u00f6r olika beslut som vi tar utanf\u00f6r ett styrelsem\u00f6te via e-post. F\u00f6rhoppningsvis kommer det underl\u00e4tta beslutstagandet utanf\u00f6r [&hellip;]<\/p>\n","protected":false},"author":1,"featured_media":0,"parent":38,"menu_order":0,"comment_status":"open","ping_status":"closed","template":"","meta":{"footnotes":""},"_links":{"self":[{"href":"http:\/\/www.brfbellevue.se\/index.php?rest_route=\/wp\/v2\/pages\/737"}],"collection":[{"href":"http:\/\/www.brfbellevue.se\/index.php?rest_route=\/wp\/v2\/pages"}],"about":[{"href":"http:\/\/www.brfbellevue.se\/index.php?rest_route=\/wp\/v2\/types\/page"}],"author":[{"embeddable":true,"href":"http:\/\/www.brfbellevue.se\/index.php?rest_route=\/wp\/v2\/users\/1"}],"replies":[{"embeddable":true,"href":"http:\/\/www.brfbellevue.se\/index.php?rest_route=%2Fwp%2Fv2%2Fcomments&post=737"}],"version-history":[{"count":21,"href":"http:\/\/www.brfbellevue.se\/index.php?rest_route=\/wp\/v2\/pages\/737\/revisions"}],"predecessor-version":[{"id":960,"href":"http:\/\/www.brfbellevue.se\/index.php?rest_route=\/wp\/v2\/pages\/737\/revisions\/960"}],"up":[{"embeddable":true,"href":"http:\/\/www.brfbellevue.se\/index.php?rest_route=\/wp\/v2\/pages\/38"}],"wp:attachment":[{"href":"http:\/\/www.brfbellevue.se\/index.php?rest_route=%2Fwp%2Fv2%2Fmedia&parent=737"}],"curies":[{"name":"wp","href":"https:\/\/api.w.org\/{rel}","templated":true}]}}