{"id":187,"date":"2011-03-29T22:00:27","date_gmt":"2011-03-29T20:00:27","guid":{"rendered":"http:\/\/www.brfbellevue.se\/?page_id=187"},"modified":"2018-10-29T19:44:19","modified_gmt":"2018-10-29T18:44:19","slug":"parkering","status":"publish","type":"page","link":"https:\/\/www.brfbellevue.se\/?page_id=187","title":{"rendered":"Parkering"},"content":{"rendered":"<p>BRF Bellevue i G\u00f6teborg disponerar 26 st vanliga parkeringsplatser och 5 st garageplatser som kan hyras av medlemmar. \u00a0En vanlig parkeringsplats kostar 200 kr och garageplats 500 kr. Parkeringar finns framf\u00f6r Fanjunkaregatan 2 D-F , och i Kanongr\u00e4nden mitt emot Caf\u00e9 Bellevue. Garageplatserna ligger i Kanongr\u00e4nden bredvid Caf\u00e9 Bellevue.<\/p>\n<p><a href=\"http:\/\/www.brfbellevue.se\/?page_id=386\">Kontakta Bredablick<\/a> om du \u00f6nskar hyra parkeringsplats.<\/p>\n<p>F\u00f6reningen hyr \u00e4ven ut en parkering som bilpool till <a href=\"https:\/\/www.sunfleet.com\/\">Sunfleet<\/a>. F\u00f6r fr\u00e5gor om att hyra\/boka bil i denna bilpool, kontakta Sunfleet.<\/p>\n<p>Som alternativ finns \u00e4ven\u00a0<a href=\"http:\/\/goteborg.se\/wps\/portal\/start\/parkeringstillstand-och-parkeringsplatser\/parkera\/parkeringskartor\/boendeparkering--karta\/\" target=\"_blank\" rel=\"noopener\">boendeparkering<\/a> samt <a href=\"https:\/\/www.p-bolaget.goteborg.se\/hitta-parkering\/?searchtext=415+04+G%C3%B6teborg%2C+Sverige&amp;VisitOrRent=Visit&amp;parkingtype=1&amp;vehicletype=1&amp;SubmitSearchParking_ParkingPage_rent=Visa\" target=\"_blank\" rel=\"noopener\">P-bolagets<\/a> platser.<\/p>\n<h2>Regler f\u00f6r parkering<\/h2>\n<h3>K\u00f6lista f\u00f6r parkering<\/h3>\n<p>K\u00f6listan \u00e4r till f\u00f6r v\u00e5ra boende som \u00f6nskar hyra parkering men inte f\u00e5tt det p\u00e5 grund av att alla parkeringar \u00e4r upptagna. Personen som \u00f6nskar hyra parkering ger ut uppgifter om: namn, adress, l\u00e4genhetsnummer och e-postadress. D\u00e4refter f\u00e5r personen sista platsen i k\u00f6n.<\/p>\n<h3>K\u00f6lista f\u00f6r bytesk\u00f6<\/h3>\n<p>I bytesk\u00f6n anm\u00e4ler sig de boende som har parkering idag men vill ha parkeringsplats p\u00e5 annan yta, till exempel byte av parkeringsplats fr\u00e5n Kanongr\u00e4nden till Fanjunkaregatan. De uppger samma uppgifter som kr\u00e4vs f\u00f6r att f\u00e5 en parkering samt var eller vilken typ av parkering personen \u00e4r ute efter.<\/p>\n<h3>Tillfr\u00e5gande<\/h3>\n<p>Om en person i parkeringsk\u00f6n tackar nej till parkeringsplats n\u00e4r den efterfr\u00e5gas kommer personen att strykas fr\u00e5n k\u00f6n. Likas\u00e5 om person i bytesk\u00f6n tackar nej till vad den efterfr\u00e5gat s\u00e5 kommer personen att strykas fr\u00e5n k\u00f6n. Om den efterfr\u00e5gade personen inte svarar inom tv\u00e5 dagar kommer fr\u00e5gan att g\u00e5 till n\u00e4sta person i k\u00f6n. Person som inte svarar f\u00e5r ocks\u00e5 en anm\u00e4rkning att den inte svarat och kommer att strykas n\u00e4sta g\u00e5ng personen inte svarar.<\/p>\n","protected":false},"excerpt":{"rendered":"<p>BRF Bellevue i G\u00f6teborg disponerar 26 st vanliga parkeringsplatser och 5 st garageplatser som kan hyras av medlemmar. \u00a0En vanlig parkeringsplats kostar 200 kr och garageplats 500 kr. Parkeringar finns [&hellip;]<\/p>\n","protected":false},"author":1,"featured_media":0,"parent":207,"menu_order":0,"comment_status":"open","ping_status":"closed","template":"","meta":{"footnotes":""},"_links":{"self":[{"href":"https:\/\/www.brfbellevue.se\/index.php?rest_route=\/wp\/v2\/pages\/187"}],"collection":[{"href":"https:\/\/www.brfbellevue.se\/index.php?rest_route=\/wp\/v2\/pages"}],"about":[{"href":"https:\/\/www.brfbellevue.se\/index.php?rest_route=\/wp\/v2\/types\/page"}],"author":[{"embeddable":true,"href":"https:\/\/www.brfbellevue.se\/index.php?rest_route=\/wp\/v2\/users\/1"}],"replies":[{"embeddable":true,"href":"https:\/\/www.brfbellevue.se\/index.php?rest_route=%2Fwp%2Fv2%2Fcomments&post=187"}],"version-history":[{"count":14,"href":"https:\/\/www.brfbellevue.se\/index.php?rest_route=\/wp\/v2\/pages\/187\/revisions"}],"predecessor-version":[{"id":291717,"href":"https:\/\/www.brfbellevue.se\/index.php?rest_route=\/wp\/v2\/pages\/187\/revisions\/291717"}],"up":[{"embeddable":true,"href":"https:\/\/www.brfbellevue.se\/index.php?rest_route=\/wp\/v2\/pages\/207"}],"wp:attachment":[{"href":"https:\/\/www.brfbellevue.se\/index.php?rest_route=%2Fwp%2Fv2%2Fmedia&parent=187"}],"curies":[{"name":"wp","href":"https:\/\/api.w.org\/{rel}","templated":true}]}}