{"id":207,"date":"2011-03-30T12:41:16","date_gmt":"2011-03-30T10:41:16","guid":{"rendered":"http:\/\/www.brfbellevue.se\/?page_id=207"},"modified":"2014-11-25T19:57:17","modified_gmt":"2014-11-25T18:57:17","slug":"information","status":"publish","type":"page","link":"https:\/\/www.brfbellevue.se\/?page_id=207","title":{"rendered":"Information"},"content":{"rendered":"<p><a title=\"Om F\u00f6reningen\" href=\"http:\/\/www.brfbellevue.se\/?page_id=190\">Om F\u00f6reningen<\/a><\/p>\n<p><a title=\"Styrelsen 2011-2012\" href=\"http:\/\/www.brfbellevue.se\/?page_id=92\">Styrelsen 2011-2012<\/a><\/p>\n<p><a title=\"Styrelsen 2012-2013\" href=\"http:\/\/www.brfbellevue.se\/?page_id=847\">Styrelsen 2012-2013<\/a><\/p>\n<p><a title=\"Styrelsen 2013-2014\" href=\"http:\/\/www.brfbellevue.se\/?page_id=1001\">Styrelsen 2013-2014<\/a><\/p>\n<p><a title=\"Styrelsen 2014 \u2013 2015\" href=\"http:\/\/www.brfbellevue.se\/?page_id=1146\">Styrelse 2014-2015<\/a><\/p>\n<p><a title=\"Granns\u00e4mja och Trivsel\" href=\"http:\/\/www.brfbellevue.se\/?page_id=554\">Granns\u00e4mja och Trivsel<\/a><\/p>\n<p><a title=\"Avfall och \u00c5tervinning\" href=\"http:\/\/www.brfbellevue.se\/?page_id=151\">Avfall och \u00c5tervinning<\/a><\/p>\n<p><a title=\"TV, Internet och Telefoni\" href=\"http:\/\/www.brfbellevue.se\/?page_id=312\">TV, Internet och Telefoni<\/a><\/p>\n<p><a title=\"Parkering\" href=\"http:\/\/www.brfbellevue.se\/?page_id=187\">Parkering<\/a><\/p>\n<p><a title=\"Information in English\" href=\"http:\/\/www.brfbellevue.se\/?page_id=672\">Information in English<\/a><\/p>\n","protected":false},"excerpt":{"rendered":"<p>Om F\u00f6reningen Styrelsen 2011-2012 Styrelsen 2012-2013 Styrelsen 2013-2014 Styrelse 2014-2015 Granns\u00e4mja och Trivsel Avfall och \u00c5tervinning TV, Internet och Telefoni Parkering Information in English<\/p>\n","protected":false},"author":1,"featured_media":0,"parent":0,"menu_order":0,"comment_status":"closed","ping_status":"closed","template":"","meta":{"footnotes":""},"_links":{"self":[{"href":"https:\/\/www.brfbellevue.se\/index.php?rest_route=\/wp\/v2\/pages\/207"}],"collection":[{"href":"https:\/\/www.brfbellevue.se\/index.php?rest_route=\/wp\/v2\/pages"}],"about":[{"href":"https:\/\/www.brfbellevue.se\/index.php?rest_route=\/wp\/v2\/types\/page"}],"author":[{"embeddable":true,"href":"https:\/\/www.brfbellevue.se\/index.php?rest_route=\/wp\/v2\/users\/1"}],"replies":[{"embeddable":true,"href":"https:\/\/www.brfbellevue.se\/index.php?rest_route=%2Fwp%2Fv2%2Fcomments&post=207"}],"version-history":[{"count":9,"href":"https:\/\/www.brfbellevue.se\/index.php?rest_route=\/wp\/v2\/pages\/207\/revisions"}],"predecessor-version":[{"id":1196,"href":"https:\/\/www.brfbellevue.se\/index.php?rest_route=\/wp\/v2\/pages\/207\/revisions\/1196"}],"wp:attachment":[{"href":"https:\/\/www.brfbellevue.se\/index.php?rest_route=%2Fwp%2Fv2%2Fmedia&parent=207"}],"curies":[{"name":"wp","href":"https:\/\/api.w.org\/{rel}","templated":true}]}}