{"id":554,"date":"2011-05-18T19:44:20","date_gmt":"2011-05-18T17:44:20","guid":{"rendered":"http:\/\/www.brfbellevue.se\/?page_id=554"},"modified":"2015-06-06T17:51:58","modified_gmt":"2015-06-06T15:51:58","slug":"grannsamja-och-trivsel","status":"publish","type":"page","link":"https:\/\/www.brfbellevue.se\/?page_id=554","title":{"rendered":"Granns\u00e4mja och Trivsel"},"content":{"rendered":"<p>Utdrag ur stadgarna:<em><br \/>\n&#8221;N\u00e4r bostadsr\u00e4ttsinnehavaren anv\u00e4nder l\u00e4genheten skall han eller hon se till att de som bor i omgivningen inte uts\u00e4tts f\u00f6r st\u00f6rningar som i s\u00e5dan grad kan vara skadliga f\u00f6r h\u00e4lsan eller annars f\u00f6rs\u00e4mra deras bostadsmilj\u00f6 att de inte sk\u00e4ligen b\u00f6r t\u00e5las. Bostadsr\u00e4ttsinnehavaren skall \u00e4ven i \u00f6vrigt vid sin anv\u00e4nding av l\u00e4genheten\u00a0 iaktta allt som\u00a0 fordras f\u00f6r att bevara sundhet, ordning och skick inom eller utanf\u00f6r huset.&#8221;<\/em><\/p>\n<p>N\u00e4r man bor i ett flerbostadshus \u00e4r det l\u00e4tt att det uppst\u00e5r konflikter med grannarna p\u00e5 grund av buller eller andra ol\u00e4genheter. Om du upplever st\u00f6rningar som du anser inte \u00e4r acceptabla, kontakta i f\u00f6rsta hand grannen i fr\u00e5ga. Om du blir st\u00f6rd av samma granne mer \u00e4n n\u00e5gon enstaka g\u00e5ng, kontakta styrelsen.<\/p>\n<p>N\u00e5gra enkla f\u00f6rh\u00e5llningsregler f\u00f6r att undvika konflikter:<em><br \/>\n<\/em><\/p>\n<ul>\n<li><strong>Visa f\u00f6rst\u00e5else!<\/strong> Vissa ljud \u00e4r om\u00f6jliga att undvika, till exempel ytterd\u00f6rrar som \u00f6ppnas och st\u00e4ngs.<\/li>\n<li><strong>Visa h\u00e4nsyn! <\/strong>H\u00e5ll ner ljudniv\u00e5n efter klockan 22 p\u00e5 vardagar och midnatt p\u00e5 helger. Detta g\u00e4ller \u00e4ven om du har fest!<\/li>\n<li>Informera dina grannar i f\u00f6rv\u00e4g om planerade st\u00f6rningar, till exempel fest och renoveringsarbeten.<\/li>\n<li>L\u00e4mna tv\u00e4ttstugan som du vill finna den n\u00e4sta g\u00e5ng du tv\u00e4ttar.<\/li>\n<li>L\u00e4mna inte skr\u00e4p i gemensamma utrymmen som trapphus och k\u00e4llarg\u00e5ngar.<\/li>\n<\/ul>\n<p><a href=\"http:\/\/www.brfbellevue.se\/wp-content\/uploads\/2011\/05\/fest.jpg\"><img loading=\"lazy\" decoding=\"async\" class=\"size-medium wp-image-629 aligncenter\" title=\"fest\" src=\"http:\/\/www.brfbellevue.se\/wp-content\/uploads\/2011\/05\/fest-225x300.jpg\" alt=\"\" width=\"286\" height=\"381\" srcset=\"https:\/\/www.brfbellevue.se\/wp-content\/uploads\/2011\/05\/fest-225x300.jpg 225w, https:\/\/www.brfbellevue.se\/wp-content\/uploads\/2011\/05\/fest.jpg 450w\" sizes=\"(max-width: 286px) 100vw, 286px\" \/><\/a><\/p>\n<p>&nbsp;<\/p>\n<p>Se \u00e4ven f\u00f6reningens boendekompendium h\u00e4r:\u00a0<a href=\"http:\/\/www.brfbellevue.se\/wp-content\/uploads\/2015\/06\/BRF-Bellevue-Boendekompendium.pdf\">BRF Bellevue Boendekompendium<\/a><\/p>\n<p>&nbsp;<\/p>\n","protected":false},"excerpt":{"rendered":"<p>Utdrag ur stadgarna: &#8221;N\u00e4r bostadsr\u00e4ttsinnehavaren anv\u00e4nder l\u00e4genheten skall han eller hon se till att de som bor i omgivningen inte uts\u00e4tts f\u00f6r st\u00f6rningar som i s\u00e5dan grad kan vara skadliga [&hellip;]<\/p>\n","protected":false},"author":1,"featured_media":0,"parent":207,"menu_order":0,"comment_status":"open","ping_status":"closed","template":"","meta":{"footnotes":""},"_links":{"self":[{"href":"https:\/\/www.brfbellevue.se\/index.php?rest_route=\/wp\/v2\/pages\/554"}],"collection":[{"href":"https:\/\/www.brfbellevue.se\/index.php?rest_route=\/wp\/v2\/pages"}],"about":[{"href":"https:\/\/www.brfbellevue.se\/index.php?rest_route=\/wp\/v2\/types\/page"}],"author":[{"embeddable":true,"href":"https:\/\/www.brfbellevue.se\/index.php?rest_route=\/wp\/v2\/users\/1"}],"replies":[{"embeddable":true,"href":"https:\/\/www.brfbellevue.se\/index.php?rest_route=%2Fwp%2Fv2%2Fcomments&post=554"}],"version-history":[{"count":8,"href":"https:\/\/www.brfbellevue.se\/index.php?rest_route=\/wp\/v2\/pages\/554\/revisions"}],"predecessor-version":[{"id":60436,"href":"https:\/\/www.brfbellevue.se\/index.php?rest_route=\/wp\/v2\/pages\/554\/revisions\/60436"}],"up":[{"embeddable":true,"href":"https:\/\/www.brfbellevue.se\/index.php?rest_route=\/wp\/v2\/pages\/207"}],"wp:attachment":[{"href":"https:\/\/www.brfbellevue.se\/index.php?rest_route=%2Fwp%2Fv2%2Fmedia&parent=554"}],"curies":[{"name":"wp","href":"https:\/\/api.w.org\/{rel}","templated":true}]}}