{"id":573,"date":"2011-05-18T20:35:13","date_gmt":"2011-05-18T18:35:13","guid":{"rendered":"http:\/\/www.brfbellevue.se\/?page_id=573"},"modified":"2011-05-18T20:35:13","modified_gmt":"2011-05-18T18:35:13","slug":"processer","status":"publish","type":"page","link":"https:\/\/www.brfbellevue.se\/?page_id=573","title":{"rendered":"Processer"},"content":{"rendered":"<p>F\u00f6r att underl\u00e4tta f\u00f6r styrelsen och vid skifte av personer inom denna, inneh\u00e5ller detta dokument en samlingen av de rutiner som Brf Bellevue i G\u00f6teborgs styrelse arbetar efter.<\/p>\n<p>&nbsp;<\/p>\n","protected":false},"excerpt":{"rendered":"<p>F\u00f6r att underl\u00e4tta f\u00f6r styrelsen och vid skifte av personer inom denna, inneh\u00e5ller detta dokument en samlingen av de rutiner som Brf Bellevue i G\u00f6teborgs styrelse arbetar efter. &nbsp;<\/p>\n","protected":false},"author":1,"featured_media":0,"parent":0,"menu_order":0,"comment_status":"open","ping_status":"open","template":"page-altleft.php","meta":{"footnotes":""},"_links":{"self":[{"href":"https:\/\/www.brfbellevue.se\/index.php?rest_route=\/wp\/v2\/pages\/573"}],"collection":[{"href":"https:\/\/www.brfbellevue.se\/index.php?rest_route=\/wp\/v2\/pages"}],"about":[{"href":"https:\/\/www.brfbellevue.se\/index.php?rest_route=\/wp\/v2\/types\/page"}],"author":[{"embeddable":true,"href":"https:\/\/www.brfbellevue.se\/index.php?rest_route=\/wp\/v2\/users\/1"}],"replies":[{"embeddable":true,"href":"https:\/\/www.brfbellevue.se\/index.php?rest_route=%2Fwp%2Fv2%2Fcomments&post=573"}],"version-history":[{"count":8,"href":"https:\/\/www.brfbellevue.se\/index.php?rest_route=\/wp\/v2\/pages\/573\/revisions"}],"predecessor-version":[{"id":584,"href":"https:\/\/www.brfbellevue.se\/index.php?rest_route=\/wp\/v2\/pages\/573\/revisions\/584"}],"wp:attachment":[{"href":"https:\/\/www.brfbellevue.se\/index.php?rest_route=%2Fwp%2Fv2%2Fmedia&parent=573"}],"curies":[{"name":"wp","href":"https:\/\/api.w.org\/{rel}","templated":true}]}}