{"id":600,"date":"2011-05-18T20:56:14","date_gmt":"2011-05-18T18:56:14","guid":{"rendered":"http:\/\/www.brfbellevue.se\/?page_id=600"},"modified":"2011-05-18T20:56:14","modified_gmt":"2011-05-18T18:56:14","slug":"forsaljning-2","status":"publish","type":"page","link":"https:\/\/www.brfbellevue.se\/?page_id=600","title":{"rendered":"F\u00f6rs\u00e4ljning"},"content":{"rendered":"<p>Handhavandet vid en f\u00f6rs\u00e4ljning skiljer sig \u00e5t om det \u00e4r f\u00f6reningen som s\u00e4ljer en av sina hyresl\u00e4genheter eller om en bostadsr\u00e4ttsinnehavare g\u00f6r det.<\/p>\n","protected":false},"excerpt":{"rendered":"<p>Handhavandet vid en f\u00f6rs\u00e4ljning skiljer sig \u00e5t om det \u00e4r f\u00f6reningen som s\u00e4ljer en av sina hyresl\u00e4genheter eller om en bostadsr\u00e4ttsinnehavare g\u00f6r det.<\/p>\n","protected":false},"author":1,"featured_media":0,"parent":573,"menu_order":0,"comment_status":"open","ping_status":"open","template":"page-altleft.php","meta":{"footnotes":""},"_links":{"self":[{"href":"https:\/\/www.brfbellevue.se\/index.php?rest_route=\/wp\/v2\/pages\/600"}],"collection":[{"href":"https:\/\/www.brfbellevue.se\/index.php?rest_route=\/wp\/v2\/pages"}],"about":[{"href":"https:\/\/www.brfbellevue.se\/index.php?rest_route=\/wp\/v2\/types\/page"}],"author":[{"embeddable":true,"href":"https:\/\/www.brfbellevue.se\/index.php?rest_route=\/wp\/v2\/users\/1"}],"replies":[{"embeddable":true,"href":"https:\/\/www.brfbellevue.se\/index.php?rest_route=%2Fwp%2Fv2%2Fcomments&post=600"}],"version-history":[{"count":1,"href":"https:\/\/www.brfbellevue.se\/index.php?rest_route=\/wp\/v2\/pages\/600\/revisions"}],"predecessor-version":[{"id":601,"href":"https:\/\/www.brfbellevue.se\/index.php?rest_route=\/wp\/v2\/pages\/600\/revisions\/601"}],"up":[{"embeddable":true,"href":"https:\/\/www.brfbellevue.se\/index.php?rest_route=\/wp\/v2\/pages\/573"}],"wp:attachment":[{"href":"https:\/\/www.brfbellevue.se\/index.php?rest_route=%2Fwp%2Fv2%2Fmedia&parent=600"}],"curies":[{"name":"wp","href":"https:\/\/api.w.org\/{rel}","templated":true}]}}